{"id":236,"date":"2024-03-23T17:13:16","date_gmt":"2024-03-23T17:13:16","guid":{"rendered":"http:\/\/www.sdkolejarz-nskalmierzyce.com\/?page_id=236"},"modified":"2024-03-23T17:14:29","modified_gmt":"2024-03-23T17:14:29","slug":"konferencja","status":"publish","type":"page","link":"http:\/\/www.sdkolejarz-nskalmierzyce.com\/index.php\/konferencja\/","title":{"rendered":"Konferencja"},"content":{"rendered":"<div class=\"xdj266r x11i5rnm xat24cr x1mh8g0r x1vvkbs x126k92a\">\n<div dir=\"auto\">6 marca 2024 roku w Kaliszu zainaugurowano cykl spotka\u0144 pn. Wielkopolska Konferencja Ogrod\u00f3w Dzia\u0142kowych. ,,Ogr\u00f3dki s\u0105 nam bardzo potrzebne\u201d &#8211; powiedzia<a class=\"x1i10hfl xjbqb8w x1ejq31n xd10rxx x1sy0etr x17r0tee x972fbf xcfux6l x1qhh985 xm0m39n x9f619 x1ypdohk xt0psk2 xe8uvvx xdj266r x11i5rnm xat24cr x1mh8g0r xexx8yu x4uap5 x18d9i69 xkhd6sd x16tdsg8 x1hl2dhg xggy1nq x1a2a7pz xt0b8zv x1fey0fg xo1l8bm\" tabindex=\"0\" role=\"link\" href=\"https:\/\/www.facebook.com\/groups\/475273139725884\/user\/61555209783796\/?__cft__[0]=AZUtKBPeOY_i819UtJFsZ2ODGh4kpSwGzLW1gHTdQ2J1w-RykV7sj2QNRRGwJ0oKukDZB7OYn9ckdLdU3H3eMGtH5sVL1OwhTkvqHQurPeupShbIIrwGgpY1eFe2hKn3Mcl3DG-9SlL8NW1zKeVOvT1gUK00tRoyNeHtN-VZRm5VLe1Zwwomn9KK7RWLBUkXcjXWEgl5JIU0TOGo9N_H8SA0&amp;__tn__=-]K-y-R\"><span class=\"xt0psk2\">\u0142 Krzysztof Grabowski Wicemarsza\u0142ek Wojew\u00f3dztwa Wielkopolskie<\/span><\/a>go<\/div>\n<\/div>\n<div class=\"x11i5rnm xat24cr x1mh8g0r x1vvkbs xtlvy1s x126k92a\">\n<div dir=\"auto\">Przez ostatnie 5 lat uda\u0142o si\u0119 dofinansowa\u0107 zadania inwestycyjne w ponad 300 ROD-ach<span class=\"x3nfvp2 x1j61x8r x1fcty0u xdj266r xhhsvwb xat24cr xgzva0m xxymvpz xlup9mm x1kky2od\"><img loading=\"lazy\" decoding=\"async\" class=\"xz74otr\" src=\"https:\/\/static.xx.fbcdn.net\/images\/emoji.php\/v9\/ta2\/1.5\/16\/1faf6.png\" alt=\"\ud83e\udef6\" width=\"16\" height=\"16\" \/><\/span><span class=\"x3nfvp2 x1j61x8r x1fcty0u xdj266r xhhsvwb xat24cr xgzva0m xxymvpz xlup9mm x1kky2od\"><img loading=\"lazy\" decoding=\"async\" class=\"xz74otr\" src=\"https:\/\/static.xx.fbcdn.net\/images\/emoji.php\/v9\/t77\/1.5\/16\/1f33f.png\" alt=\"\ud83c\udf3f\" width=\"16\" height=\"16\" \/> Podczas tego spotkania prezes naszego ogrodu Jerzy Czempi\u0144ski przekaza\u0142 wicemarsza\u0142kowi wojew\u00f3dztwa wielkopolskiego Krzysztofowi Grabkowskiemu podzi\u0119kowanie za dobr\u0105 <\/span><\/div>\n<div dir=\"auto\"><span class=\"x3nfvp2 x1j61x8r x1fcty0u xdj266r xhhsvwb xat24cr xgzva0m xxymvpz xlup9mm x1kky2od\">wsp\u00f3\u0142prac\u0119. Dzi\u0119ki dofinansowaniu Urz\u0119du Marsza\u0142kowskiego w Poznaniu mo\u017cemy<img loading=\"lazy\" decoding=\"async\" class=\"size-medium wp-image-237 alignright\" src=\"http:\/\/www.sdkolejarz-nskalmierzyce.com\/wp-content\/uploads\/2024\/03\/prezes-i-grabowski-225x300.jpg\" alt=\"\" width=\"225\" height=\"300\" srcset=\"http:\/\/www.sdkolejarz-nskalmierzyce.com\/wp-content\/uploads\/2024\/03\/prezes-i-grabowski-225x300.jpg 225w, http:\/\/www.sdkolejarz-nskalmierzyce.com\/wp-content\/uploads\/2024\/03\/prezes-i-grabowski-768x1024.jpg 768w, http:\/\/www.sdkolejarz-nskalmierzyce.com\/wp-content\/uploads\/2024\/03\/prezes-i-grabowski-1152x1536.jpg 1152w, http:\/\/www.sdkolejarz-nskalmierzyce.com\/wp-content\/uploads\/2024\/03\/prezes-i-grabowski.jpg 1200w\" sizes=\"auto, (max-width: 225px) 100vw, 225px\" \/> kontynuowa\u0107 prace z rozbudow\u0105 ogrodzenia zewn\u0119trznego ogrodu.<\/span><\/div>\n<\/div>\n","protected":false},"excerpt":{"rendered":"<p>6 marca 2024 roku w Kaliszu zainaugurowano cykl spotka\u0144 pn. Wielkopolska Konferencja Ogrod\u00f3w Dzia\u0142kowych. ,,Ogr\u00f3dki s\u0105 nam bardzo potrzebne\u201d &#8211; powiedzia\u0142 Krzysztof Grabowski Wicemarsza\u0142ek Wojew\u00f3dztwa Wielkopolskiego Przez ostatnie 5 lat uda\u0142o si\u0119 dofinansowa\u0107 zadania inwestycyjne w ponad 300 ROD-ach Podczas tego spotkania prezes naszego ogrodu Jerzy Czempi\u0144ski przekaza\u0142 wicemarsza\u0142kowi wojew\u00f3dztwa wielkopolskiego Krzysztofowi Grabkowskiemu podzi\u0119kowanie za<br \/><a class=\"moretag\" href=\"http:\/\/www.sdkolejarz-nskalmierzyce.com\/index.php\/konferencja\/\">+ Read More<\/a><\/p>\n","protected":false},"author":1,"featured_media":0,"parent":0,"menu_order":0,"comment_status":"closed","ping_status":"closed","template":"","meta":{"footnotes":""},"class_list":["post-236","page","type-page","status-publish","hentry"],"_links":{"self":[{"href":"http:\/\/www.sdkolejarz-nskalmierzyce.com\/index.php\/wp-json\/wp\/v2\/pages\/236","targetHints":{"allow":["GET"]}}],"collection":[{"href":"http:\/\/www.sdkolejarz-nskalmierzyce.com\/index.php\/wp-json\/wp\/v2\/pages"}],"about":[{"href":"http:\/\/www.sdkolejarz-nskalmierzyce.com\/index.php\/wp-json\/wp\/v2\/types\/page"}],"author":[{"embeddable":true,"href":"http:\/\/www.sdkolejarz-nskalmierzyce.com\/index.php\/wp-json\/wp\/v2\/users\/1"}],"replies":[{"embeddable":true,"href":"http:\/\/www.sdkolejarz-nskalmierzyce.com\/index.php\/wp-json\/wp\/v2\/comments?post=236"}],"version-history":[{"count":1,"href":"http:\/\/www.sdkolejarz-nskalmierzyce.com\/index.php\/wp-json\/wp\/v2\/pages\/236\/revisions"}],"predecessor-version":[{"id":238,"href":"http:\/\/www.sdkolejarz-nskalmierzyce.com\/index.php\/wp-json\/wp\/v2\/pages\/236\/revisions\/238"}],"wp:attachment":[{"href":"http:\/\/www.sdkolejarz-nskalmierzyce.com\/index.php\/wp-json\/wp\/v2\/media?parent=236"}],"curies":[{"name":"wp","href":"https:\/\/api.w.org\/{rel}","templated":true}]}}