{"id":71,"date":"2021-05-12T08:34:21","date_gmt":"2021-05-12T08:34:21","guid":{"rendered":"http:\/\/www.sdkolejarz-nskalmierzyce.com\/?page_id=71"},"modified":"2021-10-16T16:08:22","modified_gmt":"2021-10-16T16:08:22","slug":"zarzad","status":"publish","type":"page","link":"http:\/\/www.sdkolejarz-nskalmierzyce.com\/index.php\/zarzad\/","title":{"rendered":"Zarz\u0105d"},"content":{"rendered":"<p>Prezes: Jerzy Czempi\u0144ski<\/p>\n<p>Wiceprezes: Julian Michalak<\/p>\n<p>Sekretarz: Bogdan Staszak<\/p>\n<p>Skarbnik: Waldemar Biernat<\/p>\n<p>Cz\u0142onek zarz\u0105du: Zenon Ignasiak<\/p>\n<p>&nbsp;<\/p>\n<p>&nbsp;<\/p>\n<p>Komisja Rewizyjna<\/p>\n<p>Przewodnicz\u0105cy: Luba\u0144ski Marek<\/p>\n<p>Cz\u0142onkowie:<\/p>\n<p>Ma\u0107kowiak Marian<\/p>\n<p>S\u0142awomir Kubiak<\/p>\n<p>&nbsp;<\/p>\n<p>Komisja Rozjemcza:<\/p>\n<p>&nbsp;<\/p>\n<p>Przewodnicz\u0105cy: Marian Galewski<\/p>\n<p>Cz\u0142onek: Krzysztof Wojciechowski<\/p>\n","protected":false},"excerpt":{"rendered":"<p>Prezes: Jerzy Czempi\u0144ski Wiceprezes: Julian Michalak Sekretarz: Bogdan Staszak Skarbnik: Waldemar Biernat Cz\u0142onek zarz\u0105du: Zenon Ignasiak &nbsp; &nbsp; Komisja Rewizyjna Przewodnicz\u0105cy: Luba\u0144ski Marek Cz\u0142onkowie: Ma\u0107kowiak Marian S\u0142awomir Kubiak &nbsp; Komisja Rozjemcza: &nbsp; Przewodnicz\u0105cy: Marian Galewski Cz\u0142onek: Krzysztof Wojciechowski<\/p>\n","protected":false},"author":1,"featured_media":0,"parent":0,"menu_order":0,"comment_status":"closed","ping_status":"closed","template":"","meta":{"footnotes":""},"class_list":["post-71","page","type-page","status-publish","hentry"],"_links":{"self":[{"href":"http:\/\/www.sdkolejarz-nskalmierzyce.com\/index.php\/wp-json\/wp\/v2\/pages\/71","targetHints":{"allow":["GET"]}}],"collection":[{"href":"http:\/\/www.sdkolejarz-nskalmierzyce.com\/index.php\/wp-json\/wp\/v2\/pages"}],"about":[{"href":"http:\/\/www.sdkolejarz-nskalmierzyce.com\/index.php\/wp-json\/wp\/v2\/types\/page"}],"author":[{"embeddable":true,"href":"http:\/\/www.sdkolejarz-nskalmierzyce.com\/index.php\/wp-json\/wp\/v2\/users\/1"}],"replies":[{"embeddable":true,"href":"http:\/\/www.sdkolejarz-nskalmierzyce.com\/index.php\/wp-json\/wp\/v2\/comments?post=71"}],"version-history":[{"count":3,"href":"http:\/\/www.sdkolejarz-nskalmierzyce.com\/index.php\/wp-json\/wp\/v2\/pages\/71\/revisions"}],"predecessor-version":[{"id":129,"href":"http:\/\/www.sdkolejarz-nskalmierzyce.com\/index.php\/wp-json\/wp\/v2\/pages\/71\/revisions\/129"}],"wp:attachment":[{"href":"http:\/\/www.sdkolejarz-nskalmierzyce.com\/index.php\/wp-json\/wp\/v2\/media?parent=71"}],"curies":[{"name":"wp","href":"https:\/\/api.w.org\/{rel}","templated":true}]}}